{"id":15,"date":"2022-04-14T16:29:53","date_gmt":"2022-04-14T16:29:53","guid":{"rendered":"https:\/\/werkstatt-psychosozialekultur.de\/?page_id=15"},"modified":"2026-04-09T15:07:45","modified_gmt":"2026-04-09T15:07:45","slug":"startseite","status":"publish","type":"page","link":"https:\/\/wepsakk.de\/","title":{"rendered":"Startseite"},"content":{"rendered":"\n<h1 class=\"wp-block-heading\">Die WERKSTATT f\u00fcr PSYCHOANALYSE, KONFLIKT und KULTUR<\/h1>\n\n\n\n<p>wurde von Eckhard B\u00e4r in Kassel im Januar 2009 er\u00f6ffnet.<\/p>\n\n\n\n<div class=\"wp-block-media-text has-media-on-the-right is-stacked-on-mobile\"><div class=\"wp-block-media-text__content\">\n<p>Diese Werkstatt wurde als konkreter und als logisch-virtueller Ort der Zusammenarbeit, zum Sch\u00e4rfen der Begriffe und des Denkens der Psychoanalyse, des Sozialen und des Kulturellen gegr\u00fcndet, um zu begreifen, wie unterschiedlich sich unser Leben und Erleben heute darstellt, wie es dargestellt wird und wie es im kommunikativen Austausch zur Bildung der in den verschiedenen sozialen und kulturellen Feldern Lebenden und T\u00e4tigen dargestellt werden kann.<\/p>\n<\/div><figure class=\"wp-block-media-text__media\"><img loading=\"lazy\" decoding=\"async\" width=\"538\" height=\"243\" src=\"https:\/\/wepsakk.de\/wp-content\/uploads\/2024\/03\/Grafik_A-B_Analyse.jpg\" alt=\"\" class=\"wp-image-306 size-full\" srcset=\"https:\/\/wepsakk.de\/wp-content\/uploads\/2024\/03\/Grafik_A-B_Analyse.jpg 538w, https:\/\/wepsakk.de\/wp-content\/uploads\/2024\/03\/Grafik_A-B_Analyse-300x136.jpg 300w\" sizes=\"auto, (max-width: 538px) 100vw, 538px\" \/><\/figure><\/div>\n\n\n\n<h2 class=\"wp-block-heading\">Aktuelle Veranstaltungen<\/h2>\n\n\n\n<p><strong>Denken als Praxis.<\/strong> <strong>Philosophie und Ideologiekritik<\/strong><br>Abendvortrag und Seminar mit dem Philosophen Tammo Jansen<\/p>\n\n\n\n<p>am 17.\/18. April 2026. F\u00fcr weitere Informationen klicken Sie bitte <a href=\"https:\/\/wepsakk.de\/index.php\/veranstaltungen\/\" data-type=\"link\" data-id=\"https:\/\/wepsakk.de\/index.php\/veranstaltungen\/\">hier<\/a>.<\/p>\n\n\n\n<h2 class=\"wp-block-heading\">Warum Werkstatt?<\/h2>\n\n\n\n<p>Der Name Werkstatt betont das Kreative der Arbeit, in der Praxis, im Sprechen und H\u00f6rens, im Schreiben und Lesen, im Wahrnehmen und Denken als Entstehungs- und Schaffensprozess. Ebenso ist jedes Handeln und T\u00e4tigsein eine Kreation, ein Ins-Werk-setzen, das jeweils unterschiedliche Auswirkungen f\u00fcr diejenigen hat, die sich daf\u00fcr \u00f6ffnen, dieses auf sich nehmen und sich dem aussetzen.<\/p>\n\n\n\n<p>Die Arbeit der Werkstatt wird von der Frage geleitet, was sie von den grundlegenden Bedingungen menschlichen Seins, von dessen \u00c4u\u00dferungsformen und von den strukturellen Ver\u00e4nderungen in den sozialen und kulturellen Diskursen erfassen und zur Darstellung bringen kann.&nbsp;<br>Die Werkstatt befragt die Stellung der Psychoanalyse ebenso wie die Stellung der verschiedenen sozialen und kulturellen Diskurse zueinander, die die Welt der Menschen beschreiben und gestalten, um diese in ihren \u00dcberschneidungen und Differenzen n\u00e4her bestimmen zu k\u00f6nnen und um sich im Rahmen ihrer M\u00f6glichkeiten in diese einzumischen.<\/p>\n\n\n\n<h2 class=\"wp-block-heading\">Wer?<\/h2>\n\n\n\n<p>Die Werkstatt l\u00e4dt<strong>&nbsp;<\/strong>Praktiker\/Innen, Psychoanalytiker\/Innen, Analysanten\/Innen, T\u00e4tige in p\u00e4dagogischen, sozialen und medizinischen Berufen und Personen aus dem Bereich von Kunst, Kultur und Wissenschaft sowie an diesen Fragen Interessierte zur Mitarbeit ein, zu Austausch und Zusammenarbeit in offenen und nach Anmeldung zug\u00e4nglichen Veranstaltungen.<\/p>\n\n\n\n<h2 class=\"wp-block-heading\"><strong>Was?<\/strong><\/h2>\n\n\n\n<p>Die Werkstatt bietet Veranstaltungen zu Themen der Psychoanalyse, des Sozialen und des Kulturellen in Form von Vortr\u00e4gen, Seminaren, Lekt\u00fcregruppen, Werkstattgespr\u00e4chen, Denkwerkst\u00e4tten und k\u00fcnstlerische Ateliers sowie Aktionen im sozialen, k\u00fcnstlerischen und politischen Feld an.<\/p>\n\n\n\n<p>Die Werkstatt erm\u00f6glicht die Mitarbeit in verschiedenen Werkstattbereichen, u. a.:<br>\u2013 im Kolleg Bildung (in) der Psychoanalyse,<br>\u2013 im Werkstattbereich Sozialarbeit und Psychoanalyse,<br>\u2013 in der Werkstatt f\u00fcr sozialen und politischen Konflikt.<\/p>\n\n\n\n<h2 class=\"wp-block-heading\">Wie?<\/h2>\n\n\n\n<p>Die Werkstatt versucht im Miteinander einen \u00f6ffnenden Stil, um es jedem zu erm\u00f6glichen, sich zu Geh\u00f6r zu bringen und geh\u00f6rt zu werden. Vielschichtige Fragen werden begr\u00fc\u00dft. Der Versuch, darauf zu antworten, begegnet dem Undurchschaubaren der Realit\u00e4t, welche fortgesetzt infrage steht.<\/p>\n\n\n\n<p>Diejenigen, die die Arbeit der Werkstatt inhaltlich aktiv mitgestalten m\u00f6chten, k\u00f6nnen unterschiedliche Veranstaltungen und Aktionen durchzuf\u00fchren. Deren Form und Inhalt kann von den daran aktiv Teilnehmenden mitbestimmt werden.<\/p>\n\n\n\n<h2 class=\"wp-block-heading\">Wo?<\/h2>\n\n\n\n<p>Die&nbsp;<em>V<\/em><em>eranstaltungen der Werkstatt<\/em>&nbsp;und&nbsp;die&nbsp;<em>einzelnen Werkstattbereiche&nbsp;<\/em>finden&nbsp;<strong>O<\/strong><strong>nline<\/strong>&nbsp;und in der Regel&nbsp;<strong>pers\u00f6nlich, vor Ort<\/strong>&nbsp;im&nbsp;<strong>Moselweg 27, 34131 Kassel<\/strong>&nbsp;statt. Letzterem sollte nach M\u00f6glichkeit der Vorrang gegeben werden.<strong>&nbsp;<\/strong>Vor Ort ist die Werkstatt&nbsp;mit dem PKW und&nbsp;<a href=\"http:\/\/www.nvv.de\/\" target=\"_blank\" rel=\"noreferrer noopener\"><u>\u00f6ffentlichen Verkehrsmitteln<\/u><\/a>&nbsp;gut zu erreichen.&nbsp;F\u00fcr&nbsp;<strong>Online-Treffen<\/strong>&nbsp;betreibt die Werkstatt mit Jitsi Meet unabh\u00e4ngig auf ihrem eigenen Webserver eine sichere, flexible und zu 100 % verschl\u00fcsselte Open-Source-Videokonferenzl\u00f6sung.&nbsp;<\/p>\n\n\n\n<p>Dass die Werkstatt ein konkreter und ein logischer Ort ist bedeutet, dass auch an verschiedenen regionalen und \u00fcberregionalen Orten Werkstattbereiche entstehen und arbeiten k\u00f6nnen.<\/p>\n\n\n\n<h2 class=\"wp-block-heading\">Spenden und Beitr\u00e4ge:<\/h2>\n\n\n\n<p>Die Arbeit der Werkstatt unterh\u00e4lt sich durch Spenden und durch Beitr\u00e4ge f\u00fcr einzelne Veranstaltungen.&nbsp;<br>\u00dcberweisungen&nbsp;k\u00f6nnen auf das Konto<\/p>\n\n\n\n<p>Werkstatt f\u00fcr Psychoanalyse, Konflikt und Kultur<br>Dennis Pieter<br>IBAN: DE06 4306 0967 1181 1538 02<br>BIC: GENODEM1GLS<\/p>\n\n\n\n<p>vorgenommen werden.&nbsp;<br><br>Die Einnahmen und Ausgaben der Werkstatt werden im Bereich Finanzen transparent dargestellt, damit Spender, Teilnehmer, Interessenten und Mitarbeiter Einblick in ihre Arbeit bekommen und Offenheit dar\u00fcber herrscht, inwiefern die Betr\u00e4ge ausreichen, um die einzelnen Werkstattbereiche und Projekte zu refinanzieren und wann ggf. R\u00fccklagen f\u00fcr zuk\u00fcnftige Projekte entstehen.<\/p>\n\n\n\n<h2 class=\"wp-block-heading\">Information,&nbsp;Kontakt,&nbsp;Anmeldung &amp; Anfahrt:<\/h2>\n\n\n\n<p><strong>Werkstatt f\u00fcr Psychoanalyse, Konflikt und Kultur<\/strong><br>Werkstatt[\u00e4t]WePsaKK.de<\/p>\n\n\n\n<figure class=\"wp-block-image size-full\"><img loading=\"lazy\" decoding=\"async\" width=\"751\" height=\"474\" src=\"https:\/\/wepsakk.de\/wp-content\/uploads\/2024\/03\/Anfahrt-werkstatt.jpg\" alt=\"\" class=\"wp-image-321\" srcset=\"https:\/\/wepsakk.de\/wp-content\/uploads\/2024\/03\/Anfahrt-werkstatt.jpg 751w, https:\/\/wepsakk.de\/wp-content\/uploads\/2024\/03\/Anfahrt-werkstatt-300x189.jpg 300w\" sizes=\"auto, (max-width: 751px) 100vw, 751px\" \/><\/figure>\n\n\n\n<p>Werkstatt f\u00fcr Psychoanalyse, Konflikt und Kultur<br>Moselweg&nbsp;27<br>34131&nbsp;Kassel<\/p>\n\n\n\n<h4 class=\"wp-block-heading\">Newsletter<\/h4>\n\n\n\n<p>Bei Interesse an der Arbeit der Werkstatt k\u00f6nnen Sie sich \u00fcber folgendes Formular f\u00fcr den Newsletter anmelden.<\/p>\n\n\n\n<div class=\"wp-block-contact-form-7-contact-form-selector\">\n<div class=\"wpcf7 no-js\" id=\"wpcf7-f701-o1\" lang=\"de-DE\" dir=\"ltr\" data-wpcf7-id=\"701\">\n<div class=\"screen-reader-response\"><p role=\"status\" aria-live=\"polite\" aria-atomic=\"true\"><\/p> <ul><\/ul><\/div>\n<form action=\"\/index.php\/wp-json\/wp\/v2\/pages\/15#wpcf7-f701-o1\" method=\"post\" class=\"wpcf7-form init\" aria-label=\"Kontaktformular\" novalidate=\"novalidate\" data-status=\"init\">\n<fieldset class=\"hidden-fields-container\"><input type=\"hidden\" name=\"_wpcf7\" value=\"701\" \/><input type=\"hidden\" name=\"_wpcf7_version\" value=\"6.1.5\" \/><input type=\"hidden\" name=\"_wpcf7_locale\" value=\"de_DE\" \/><input type=\"hidden\" name=\"_wpcf7_unit_tag\" value=\"wpcf7-f701-o1\" \/><input type=\"hidden\" name=\"_wpcf7_container_post\" value=\"0\" \/><input type=\"hidden\" name=\"_wpcf7_posted_data_hash\" value=\"\" \/>\n<\/fieldset>\n<p><label> Ihr Name<br \/>\n<span class=\"wpcf7-form-control-wrap\" data-name=\"your-name\"><input size=\"40\" maxlength=\"400\" class=\"wpcf7-form-control wpcf7-text wpcf7-validates-as-required\" autocomplete=\"name\" aria-required=\"true\" aria-invalid=\"false\" value=\"\" type=\"text\" name=\"your-name\" \/><\/span> <\/label>\n<\/p>\n<p><label> Ihre E-Mail-Adresse<br \/>\n<span class=\"wpcf7-form-control-wrap\" data-name=\"your-email\"><input size=\"40\" maxlength=\"400\" class=\"wpcf7-form-control wpcf7-email wpcf7-validates-as-required wpcf7-text wpcf7-validates-as-email\" autocomplete=\"email\" aria-required=\"true\" aria-invalid=\"false\" value=\"\" type=\"email\" name=\"your-email\" \/><\/span> <\/label>\n<\/p>\n<p><input class=\"wpcf7-form-control wpcf7-submit has-spinner\" type=\"submit\" value=\"Senden\" \/>\n<\/p><div class=\"wpcf7-response-output\" aria-hidden=\"true\"><\/div>\n<\/form>\n<\/div>\n<\/div>\n\n\n\n<h2 class=\"wp-block-heading\">Kooperationen<\/h2>\n\n\n\n<p>Praxis f\u00fcr Psychoanalyse von Eckhard B\u00e4r<br>\u2192 <a rel=\"noreferrer noopener\" href=\"http:\/\/www.eckhardbaer.de\" target=\"_blank\">www.eckhardbaer.de<\/a><\/p>\n\n\n\n<p>zu Texten und \u00dcbersetzungen von Jacques Lacan siehe den Blog von Rolf Nemitz<br>\u2192 <a rel=\"noreferrer noopener\" href=\"http:\/\/www.lacan-entziffern.de\/\/\" target=\"_blank\">www.lacan-entziffern.de<\/a><\/p>\n\n\n\n<h3 class=\"wp-block-heading\"><strong>In Bezug zu Freud und Lacan arbeitende Assoziationen<\/strong><\/h3>\n\n\n\n<p>Psychoanalytische Bibliothek Berlin<br>\u2192 <a rel=\"noreferrer noopener\" href=\"http:\/\/www.psybi-berlin.de\/\" target=\"_blank\">www.psybi-berlin.de<\/a><\/p>\n\n\n\n<p>Psychoanalytischer Salon Berlin<br>\u2192 <a rel=\"noreferrer noopener\" href=\"http:\/\/www.pasberlin.de\/\" target=\"_blank\">www.pasberlin.de\/<\/a><\/p>\n","protected":false},"excerpt":{"rendered":"<p>Die WERKSTATT f\u00fcr PSYCHOANALYSE, KONFLIKT und KULTUR wurde von Eckhard B\u00e4r in Kassel im Januar 2009 er\u00f6ffnet. Diese Werkstatt wurde als konkreter und als logisch-virtueller Ort der Zusammenarbeit, zum Sch\u00e4rfen der Begriffe und des Denkens der Psychoanalyse, des Sozialen und des Kulturellen gegr\u00fcndet, um zu begreifen, wie unterschiedlich sich unser Leben und Erleben heute darstellt, [&hellip;]<\/p>\n","protected":false},"author":6,"featured_media":0,"parent":0,"menu_order":1,"comment_status":"closed","ping_status":"closed","template":"","meta":{"footnotes":""},"class_list":["post-15","page","type-page","status-publish","hentry"],"_links":{"self":[{"href":"https:\/\/wepsakk.de\/index.php\/wp-json\/wp\/v2\/pages\/15","targetHints":{"allow":["GET"]}}],"collection":[{"href":"https:\/\/wepsakk.de\/index.php\/wp-json\/wp\/v2\/pages"}],"about":[{"href":"https:\/\/wepsakk.de\/index.php\/wp-json\/wp\/v2\/types\/page"}],"author":[{"embeddable":true,"href":"https:\/\/wepsakk.de\/index.php\/wp-json\/wp\/v2\/users\/6"}],"replies":[{"embeddable":true,"href":"https:\/\/wepsakk.de\/index.php\/wp-json\/wp\/v2\/comments?post=15"}],"version-history":[{"count":80,"href":"https:\/\/wepsakk.de\/index.php\/wp-json\/wp\/v2\/pages\/15\/revisions"}],"predecessor-version":[{"id":728,"href":"https:\/\/wepsakk.de\/index.php\/wp-json\/wp\/v2\/pages\/15\/revisions\/728"}],"wp:attachment":[{"href":"https:\/\/wepsakk.de\/index.php\/wp-json\/wp\/v2\/media?parent=15"}],"curies":[{"name":"wp","href":"https:\/\/api.w.org\/{rel}","templated":true}]}}