{"id":272,"date":"2023-12-28T19:10:38","date_gmt":"2023-12-28T19:10:38","guid":{"rendered":"https:\/\/werkstatt-psychosozialekultur.de\/?page_id=272"},"modified":"2026-04-16T16:53:01","modified_gmt":"2026-04-16T16:53:01","slug":"w-spkonflikt","status":"publish","type":"page","link":"https:\/\/wepsakk.de\/index.php\/w-spkonflikt\/","title":{"rendered":"Werkstatt f\u00fcr sozialen und politischen Konflikt"},"content":{"rendered":"\n<p>Werkstattbereich<\/p>\n\n\n\n<h2 class=\"wp-block-heading\">Die Werkstatt f\u00fcr sozialen und politischen Konflikt<\/h2>\n\n\n\n<p>arbeitet in der Regel <strong>jeden zweiten Freitag, 19:30 &#8211; 21:30 Uhr,<\/strong> zu Austausch, Diskussion und Analyse der politischen Situation, <strong>via Internet<\/strong> und im <strong>Moselweg 27, 34131 Kassel<\/strong>.<\/p>\n\n\n\n<p>Die <em>Werkstatt f\u00fcr sozialen und politischen Konflikt<\/em> versucht, Mittels Austausch, Analyse und kontroverser Diskussion eine Orientierung \u00fcber den Krisenzusammenhang der Gegenwart zu erarbeiten. Dieser zeichnet sich \u00fcberall in prek\u00e4rer werdenden politischen Ordnungen und sich versch\u00e4rfenden Lebensverh\u00e4ltnissen ab, u. a. in der \u00d6konomie, der \u00d6kologie und auch im allt\u00e4glichen Miteinander. Diese <em>Werkstatt<\/em> will nicht bei der Betrachtung je konkreter Konflikte stehenbleiben. Die Verbindung der <em>Werkstatt<\/em> mit der Psychoanalyse erm\u00f6glicht, die konkreten gesellschaftlichen und politischen Konflikte, die das Zeitgeschehen pr\u00e4gen, nicht als zuf\u00e4llige, durch Wechselwirkungen bedingte zu behandeln, sondern nach ihrem symptomatischen Charakter zu fragen \u2013 nach dem, was ihnen zugrunde liegt und das Gesellschaftliche grunds\u00e4tzlich strukturiert. Die <em>Werkstatt<\/em> begreift ihre politische Verantwortung darin, sich mit ihrer Arbeit in Form von Veranstaltungen an eine \u00d6ffentlichkeit zu wenden.<\/p>\n\n\n\n<p>Die <em>Werkstatt f\u00fcr sozialen und politischen Konflikt<\/em> ist im September 2025 aus der <em>Werkstatt KriegUndFrieden<\/em> hervorgegangen, deren Gr\u00fcndung im M\u00e4rz 2022 die russische Invasion in die Ukraine im Februar 2022 zum Anlass hatte. Es geht um ein anderes Miteinander, das uns erlaubt, ein freieres Sprechen und Denken zu kultivieren und angesichts unheilvoller gesellschaftlicher Entwicklungen nicht in privaten R\u00fcckzug zu verfallen, sondern sich ihnen \u2013 wenn auch gegen Widerst\u00e4nde \u2013 anzun\u00e4hern und sie gemeinsam durchzuarbeiten.<\/p>\n\n\n\n<p>Die <em>Werkstatt <\/em>arbeitet mit der Annahme, dass Gesellschaft grunds\u00e4tzlich konflikthaft strukturiert ist. Jeder Versuch, sie als Einheit zu beschreiben, hie\u00dfe demnach, eine Ideologie, ein Phantasma, ein vereinheitlichendes Bild, das ihre Konflikthaftigkeit zu verdecken versucht, aufzurichten. Die Arbeit der <em>Werkstatt f\u00fcr sozialen und politischen Konflikt<\/em> will weder diese Art von Phantasmen st\u00fctzen, noch die Beseitigung sozialer und politischer Konflikte in Aussicht stellen. In diesem Sinne ist sie kritisch: Sie zielt darauf, die Lust an der Destruktion, die sich in gesellschaftlichen und politischen Konflikten Bahn bricht, in eine Arbeit der Analyse, also in eine Zergliederungs- und Zersetzungsarbeit zu verwandeln, um so einen Raum zu er\u00f6ffnen, in dem Politik \u00fcberhaupt erst m\u00f6glich wird.<\/p>\n\n\n\n<p>\u201ePolitik\u201d meint hier nicht den Politikbetrieb in den bestehenden politischen Institutionen. Dieser entscheidet nicht \u00fcber den gesellschaftlichen Konflikt, sondern bringt ihn in eine vorweg schon entschiedene Form. Das Politische findet vielmehr dort statt, wo sich der fundamentale Konflikt im Gesellschaftlichen an einer symptomatischen Stelle auf neue Weise Ausdruck verschaffen kann, dort wo etwas gesellschaftlich Entscheidendes passiert. Das Entscheidende hat, wie das griechische \u201ekrisis\u201d anzeigt, den Charakter des Kritischen und der Krise. Insofern ist das Kritische als politisch zu fassen: Wo es kritisch wird, wird es politisch.<\/p>\n\n\n\n<p>Kritik in diesem Sinne gibt es nicht, ohne selbst in das verstrickt zu sein, was man kritisiert. Dieses Dilemma ist gerade ihre Triebfeder, und darum ist sie notwendig. Nur aus dem Inneren eines Diskurses heraus ist es m\u00f6glich, T\u00e4uschungen und Entt\u00e4uschungen \u2013 auch die eigenen \u2013 wahrzunehmen und zu reflektieren.<\/p>\n\n\n\n<p>Wenn Sie an der Arbeit der <em>Werkstatt f\u00fcr sozialen und politischen Konflikt<\/em> interessiert sind und teilnehmen m\u00f6chten, wenden Sie sich an Werkstatt[at]WePsaKK.de. Sie erhalten eine Einladung sowie einen Link, der auch eine Online-Teilnahme an den Treffen und der Arbeit der Werkstatt erm\u00f6glicht.<br><strong>Bitte leiten Sie diese Einladung an Interessierte weiter!<\/strong><\/p>\n\n\n\n<p>Die Arbeit der Werkstatt unterh\u00e4lt sich durch Spenden und zur Kostendeckung durch Beitr\u00e4ge f\u00fcr einzelne Veranstaltungen.<\/p>\n\n\n\n<p><strong>Kontoinhaber<\/strong>: Dennis Pieter, c\/o Werkstatt f\u00fcr Psychoanalyse, Konflikt und Kultur<br><strong>Kontonr. \/ IBAN<\/strong>: DE06 4306 0967 1181 1538 02<br><strong>BIC \/ SWIFT-Code: <\/strong>GENODEM1GLS, <strong>Name der Bank: <\/strong>GLS Gemeinschaftsbank<\/p>\n\n\n\n<p>Leitung und Koordination des Werkstattbereichs f\u00fcr sozialen und politischen Konflikt:<br>Nils Richber\/ Claudia Lakhel. E-Mail: Werkstatt[at]WePsaKK.de<\/p>\n\n\n\n<p><\/p>\n","protected":false},"excerpt":{"rendered":"<p>Werkstattbereich Die Werkstatt f\u00fcr sozialen und politischen Konflikt arbeitet in der Regel jeden zweiten Freitag, 19:30 &#8211; 21:30 Uhr, zu Austausch, Diskussion und Analyse der politischen Situation, via Internet und im Moselweg 27, 34131 Kassel. Die Werkstatt f\u00fcr sozialen und politischen Konflikt versucht, Mittels Austausch, Analyse und kontroverser Diskussion eine Orientierung \u00fcber den Krisenzusammenhang der [&hellip;]<\/p>\n","protected":false},"author":6,"featured_media":0,"parent":0,"menu_order":7,"comment_status":"closed","ping_status":"closed","template":"","meta":{"footnotes":""},"class_list":["post-272","page","type-page","status-publish","hentry"],"_links":{"self":[{"href":"https:\/\/wepsakk.de\/index.php\/wp-json\/wp\/v2\/pages\/272","targetHints":{"allow":["GET"]}}],"collection":[{"href":"https:\/\/wepsakk.de\/index.php\/wp-json\/wp\/v2\/pages"}],"about":[{"href":"https:\/\/wepsakk.de\/index.php\/wp-json\/wp\/v2\/types\/page"}],"author":[{"embeddable":true,"href":"https:\/\/wepsakk.de\/index.php\/wp-json\/wp\/v2\/users\/6"}],"replies":[{"embeddable":true,"href":"https:\/\/wepsakk.de\/index.php\/wp-json\/wp\/v2\/comments?post=272"}],"version-history":[{"count":15,"href":"https:\/\/wepsakk.de\/index.php\/wp-json\/wp\/v2\/pages\/272\/revisions"}],"predecessor-version":[{"id":730,"href":"https:\/\/wepsakk.de\/index.php\/wp-json\/wp\/v2\/pages\/272\/revisions\/730"}],"wp:attachment":[{"href":"https:\/\/wepsakk.de\/index.php\/wp-json\/wp\/v2\/media?parent=272"}],"curies":[{"name":"wp","href":"https:\/\/api.w.org\/{rel}","templated":true}]}}