{"id":276,"date":"2023-12-28T19:12:40","date_gmt":"2023-12-28T19:12:40","guid":{"rendered":"https:\/\/werkstatt-psychosozialekultur.de\/?page_id=276"},"modified":"2026-02-27T15:27:02","modified_gmt":"2026-02-27T15:27:02","slug":"soziales-und-kulturelles","status":"publish","type":"page","link":"https:\/\/wepsakk.de\/index.php\/soziales-und-kulturelles\/","title":{"rendered":"Soziales und Kulturelles"},"content":{"rendered":"\n<p>Werkstattbereich<\/p>\n\n\n\n<h1 class=\"wp-block-heading\">&#8222;Unbehagen in der Kultur&#8220;<\/h1>\n\n\n\n<p>\u201eDas Begehren des Menschen ist das Begehren des Anderen.\u201c&nbsp;<em>Jacques Lacan<\/em><\/p>\n\n\n\n<p><em>Wenn das\u00a0<\/em><strong><em>Soziale\u00a0<\/em><\/strong><em>das Zusammenleben und die Verbindung der Menschen in verschiedenen Gruppen, Schichten und Klassen, als Gesellschaft und die Verh\u00e4ltnisse der verschiedenen Gesellschaften zueinander, in Verbindung mit den darin f\u00fcr die Einzelnen, wie f\u00fcr die Gemeinschaften wirksamen \u00f6konomischen und politischen Machtstrukturen umfasst\u00a0Und wenn das\u00a0<\/em><strong><em>K<\/em><\/strong><em><strong>ulturelle<\/strong>\u00a0alle praktischen, gestaltenden, technischen, k\u00fcnstlerischen und geistigen Leistungen der Menschen in ihrer Auseinandersetzung mit der Welt, sowohl in der Geschichte, wie im Aktuellen beinhaltet,Wie stehen dann diese verschiedenen Bedingtheiten des Lebens der Menschen zu einander im Verh\u00e4ltnis?<\/em><\/p>\n\n\n\n<p>Im Seminar XX Encore bemerkt Lacan zu jenem Verh\u00e4ltnis von Sozialem und Kulturellem:&nbsp;<br>\u201eDie Kultur als unterschieden von der Gesellschaft, das existiert nicht. Die Kultur, das ist justament, dass es uns h\u00e4lt. Wir haben sie nur noch auf dem R\u00fccken wie eine Plage, denn wir wissen nicht, was mit ihr anfangen, es sei denn, uns von ihr zu entlausen. Ich, ich rate Ihnen sie zu behalten, \u2026 unter dem Einfluss der Umst\u00e4nde, d. h. dessen, was die anderen, die danach kommen werden, Ihre Kultur nennen werden. Das wird f\u00fcr sie Kultur geworden sein, weil Sie dann schon lange drunten sein werden und mit Ihnen all das, was Sie st\u00fctzen an sozialem Band.\u201c<\/p>\n\n\n\n<p>Lacan f\u00e4hrt fort: \u201eLetztlich gibt es nur das, das soziale Band. Ich bezeichne es mit dem Ausdruck Diskurs, weil es kein anderes Mittel gibt, es zu bezeichnen, wenn man einmal bemerkt hat, dass das soziale Band sich nur so einrichtet, dass es sich in der Art und Weise verankert, in der die Sprache sich situiert und sich einpr\u00e4gt, sich situiert auf dem, was grummelt, n\u00e4mlich das sprechende Sein\u00ab. (Lacan, J., Das Seminar. Encore, XX (1972\u20131973), \u00fcbers. v. Norbert Haas u.a., Weinheim 1991, S.60.)<\/p>\n\n\n\n<p>Das bedeutet, dass ein jeweils von einem Diskurs getragenes soziales Band die Mitglieder einer Gruppe, einer Gemeinschaft in einer horizontalen Ebene miteinander verbindet und dass diese Gruppen im Verh\u00e4ltnis zueinander als Gesellschaft und die Verh\u00e4ltnisse der verschiedenen Gesellschaften zueinander, mit all ihren Institutionen der Macht,&nbsp;in einer vertikalen Richtung durch jeweils spezifische Diskurse miteinander verbunden, verflochten und gleichzeitig abgegrenzt sind.<\/p>\n\n\n\n<p>Das jeweilige soziale Band kann sich Lacan zufolge (siehe Seminar XVII) auf unterschiedliche Weise, auf unterschiedlichem \u201eGegrummel\u201c, entweder als Diskurs des Herren, (des Kapitalisten), der Universit\u00e4t, des Hysterischen oder des Analytikers situierten, einrichten und verankern, die somit als grundlegende Diskursformen das Geflecht des sozialen Bandes strukturieren.&nbsp;<\/p>\n\n\n\n<p>Das Voranstehende m\u00f6chte als ein erster Wurf verstanden werden, der den Werkstattbereich des SOZIALEN und KULTURELLEN mit der Einladung er\u00f6ffnet, seine Perspektiven zu erweitern und mit anderen Ans\u00e4tzen zu bereichern.<\/p>\n\n\n\n<p>Leitung und Koordination des Werkstattbereichs &#8222;Unbehagen in der Kultur&#8220;<br>Dennis Pieter, Eckhard B\u00e4r<br>Kontakt: Werkstatt[\u00e4t]WePsaKK.de<\/p>\n","protected":false},"excerpt":{"rendered":"<p>Werkstattbereich &#8222;Unbehagen in der Kultur&#8220; \u201eDas Begehren des Menschen ist das Begehren des Anderen.\u201c&nbsp;Jacques Lacan Wenn das\u00a0Soziale\u00a0das Zusammenleben und die Verbindung der Menschen in verschiedenen Gruppen, Schichten und Klassen, als Gesellschaft und die Verh\u00e4ltnisse der verschiedenen Gesellschaften zueinander, in Verbindung mit den darin f\u00fcr die Einzelnen, wie f\u00fcr die Gemeinschaften wirksamen \u00f6konomischen und politischen Machtstrukturen [&hellip;]<\/p>\n","protected":false},"author":6,"featured_media":0,"parent":0,"menu_order":6,"comment_status":"closed","ping_status":"closed","template":"","meta":{"footnotes":""},"class_list":["post-276","page","type-page","status-publish","hentry"],"_links":{"self":[{"href":"https:\/\/wepsakk.de\/index.php\/wp-json\/wp\/v2\/pages\/276","targetHints":{"allow":["GET"]}}],"collection":[{"href":"https:\/\/wepsakk.de\/index.php\/wp-json\/wp\/v2\/pages"}],"about":[{"href":"https:\/\/wepsakk.de\/index.php\/wp-json\/wp\/v2\/types\/page"}],"author":[{"embeddable":true,"href":"https:\/\/wepsakk.de\/index.php\/wp-json\/wp\/v2\/users\/6"}],"replies":[{"embeddable":true,"href":"https:\/\/wepsakk.de\/index.php\/wp-json\/wp\/v2\/comments?post=276"}],"version-history":[{"count":8,"href":"https:\/\/wepsakk.de\/index.php\/wp-json\/wp\/v2\/pages\/276\/revisions"}],"predecessor-version":[{"id":716,"href":"https:\/\/wepsakk.de\/index.php\/wp-json\/wp\/v2\/pages\/276\/revisions\/716"}],"wp:attachment":[{"href":"https:\/\/wepsakk.de\/index.php\/wp-json\/wp\/v2\/media?parent=276"}],"curies":[{"name":"wp","href":"https:\/\/api.w.org\/{rel}","templated":true}]}}