{"id":281,"date":"2023-12-28T19:15:09","date_gmt":"2023-12-28T19:15:09","guid":{"rendered":"https:\/\/werkstatt-psychosozialekultur.de\/?page_id=281"},"modified":"2026-01-04T11:44:10","modified_gmt":"2026-01-04T11:44:10","slug":"kolleg","status":"publish","type":"page","link":"https:\/\/wepsakk.de\/index.php\/kolleg\/","title":{"rendered":"Kolleg Bildung (in) der Psychoanalyse"},"content":{"rendered":"\n<p>Werkstattbereich<\/p>\n\n\n\n<h2 class=\"wp-block-heading\">Kolleg Bildung (in) der Psychoanalyse<\/h2>\n\n\n\n<p>\u201e\u2026\u00a0der Psychoanalytiker autorisiert sich nicht, es sei denn durch ihn selbst und durch einige andere\u2026\u201c\u00a0<em>Jacques Lacan<\/em><\/p>\n\n\n\n<p>Im <em>Werkstatt-Kolleg Bildung in der Psychoanalyse<\/em> versammeln sich Kollegiat\/innen, die in unterschiedlichen p\u00e4dagogischen, sozialen, medizinischen und therapeutischen Berufen oder im Bereich von Kunst, Kultur und Wissenschaft arbeiten, sowie Psychoanalytiker\/innen und Analysierende, die in der Psychoanalyse t\u00e4tig sind oder t\u00e4tig werden wollen.<\/p>\n\n\n\n<p>Sie versammeln sich im Kolleg zu ihrer Bildung, zur Zusammenarbeit und zum Austausch untereinander, um den Fragen nachzugehen, denen sie in ihrer Praxis begegnen und die sich ihnen sowohl in Bezug auf deren Aus\u00fcbung wie auf die theoretische Ausarbeitung der Psychoanalyse und Das Unbehagen in der Kultur stellen.<\/p>\n\n\n\n<p>Die Psychoanalyse geht von der allt\u00e4glichen, allen Menschen zug\u00e4nglichen Erfahrung des Sprechens aus. Sie begreift das Sprechen als etwas, das sowohl f\u00fcr jeden selbst wie f\u00fcr die Beziehungen der Menschen pr\u00e4gende Wirkungen hat, die ihnen aufgrund des Vieldeutigen der Sprache nur zum Teil zug\u00e4nglich, zu einem wesentlichen Teil aber auf intime Weise fremd, unbewusst sind.<\/p>\n\n\n\n<p>Wer sich f\u00fcr das Fremde am eigenen Sprechen und am Sprechen eines Anderen \u00f6ffnet, dem \u00fcbertragen die Worte etwas Unbewusstes von dem, was uns in unseren Anspr\u00fcchen, W\u00fcnschen, Begehren und Genie\u00dfen treibt.<\/p>\n\n\n\n<p>Wer sich f\u00fcr diese Wirkungen des Sprechens \u00f6ffnet und daf\u00fcr Verantwortung \u00fcbernimmt, kann mit der Psychoanalyse \u00fcberall dort t\u00e4tig sein, wo gesprochen und geh\u00f6rt wird. Wer sich auf eine Psychoanalyse einl\u00e4sst, sich in ihr und mit den Schriften ihrer Tradition bildet, kann unabh\u00e4ngig von seinem sonstigen Werdegang den Weg des Analytikers oder der Analytikerin gehen. Wer dazu bereit ist, kann sich als Analytiker\/in autorisieren und sich von denen, die dann zu ihnen kommen, um zu neuen Analysierenden zu werden, jeweils zu ihrem\/r Analytiker\/in autorisieren lassen, um so f\u00fcr sich und mit anderen die Psychoanalyse an ihren Grenzen auszuloten.<\/p>\n\n\n\n<p>Im wechselseitigen Sprechen und H\u00f6ren stellen sich in der Psychoanalyse \u00dcbertragungen her, durch deren Analyse ein Zugang zu unbewussten Gedanken und W\u00fcnschen m\u00f6glich wird. Gleichzeitig \u00fcbermittelt sich auf dem Weg der Analyse dieser \u00dcbertragungen die Psychoanalyse selbst und wird auf diese Weise weitergegeben.<br>Es ist m\u00f6glich, dass vergleichbare Bildungen auch in \u00dcbertragungsverh\u00e4ltnissen mit Anderen im sozialen Feld, etwa in der praktischen Arbeit mit Klienten, stattfinden.<br>Das Werkstatt-Kolleg <em>Bildung in der Psychoanalyse <\/em>bietet die M\u00f6glichkeit, dies in m\u00fcndlicher und\/oder schriftlicher Form zu artikulieren.<br>Um aber dem Besonderen der \u00dcbertragung in einer Psychoanalyse auf die Spur zu kommen, in die jede\/r selbst eingeschlossen ist, und um die Erfahrung der eigenen Praxis dazu in Beziehung zu setzen, bedarf es wiederum eines St\u00fccks Psychoanalyse.<\/p>\n\n\n\n<p>Das Werkstatt-Kolleg arbeitet einmal im Monat an einem Wochenende von Freitag 17:00 \u2013 Sonntag 14:00 Uhr an gemeinsam langfristig festgelegten Terminen und einmal w\u00f6chentlich in einer Lekt\u00fcregruppe psychoanalytischer Texte.<br>Dar\u00fcber stehen den am Werkstatt-Kolleg Teilnehmenden andere Veranstaltungen der Werkstatt in Form von Vortr\u00e4gen, Seminaren und Lekt\u00fcrekreisen offen, die auch eigene Arbeits- und Lekt\u00fcregruppen bilden k\u00f6nnen.<\/p>\n\n\n\n<p>Der finanzielle Beitrag zur Deckung der Unterhalts- und Investitionskosten der Werkstatt betr\u00e4gt monatlich 30 \u20ac.<\/p>\n\n\n\n<p>Die Aufnahme in das Kolleg erfolgt nach telefonischer oder schriftlicher Anmeldung bei und einem Vorgespr\u00e4ch mit den als Psychoanalytikern praktizierenden Koordninatoren des Werkstatt-Kollegs.<\/p>\n\n\n\n<p>Eckhard B\u00e4r, + 49 160 9696 6494, Eckhard.Baer@WePsaKK.de<br>Dennis Pieter, +49 173 4538 588, Dennis.Pieter@WePsaKK.de<\/p>\n","protected":false},"excerpt":{"rendered":"<p>Werkstattbereich Kolleg Bildung (in) der Psychoanalyse \u201e\u2026\u00a0der Psychoanalytiker autorisiert sich nicht, es sei denn durch ihn selbst und durch einige andere\u2026\u201c\u00a0Jacques Lacan Im Werkstatt-Kolleg Bildung in der Psychoanalyse versammeln sich Kollegiat\/innen, die in unterschiedlichen p\u00e4dagogischen, sozialen, medizinischen und therapeutischen Berufen oder im Bereich von Kunst, Kultur und Wissenschaft arbeiten, sowie Psychoanalytiker\/innen und Analysierende, die in [&hellip;]<\/p>\n","protected":false},"author":6,"featured_media":0,"parent":0,"menu_order":4,"comment_status":"closed","ping_status":"closed","template":"","meta":{"footnotes":""},"class_list":["post-281","page","type-page","status-publish","hentry"],"_links":{"self":[{"href":"https:\/\/wepsakk.de\/index.php\/wp-json\/wp\/v2\/pages\/281","targetHints":{"allow":["GET"]}}],"collection":[{"href":"https:\/\/wepsakk.de\/index.php\/wp-json\/wp\/v2\/pages"}],"about":[{"href":"https:\/\/wepsakk.de\/index.php\/wp-json\/wp\/v2\/types\/page"}],"author":[{"embeddable":true,"href":"https:\/\/wepsakk.de\/index.php\/wp-json\/wp\/v2\/users\/6"}],"replies":[{"embeddable":true,"href":"https:\/\/wepsakk.de\/index.php\/wp-json\/wp\/v2\/comments?post=281"}],"version-history":[{"count":17,"href":"https:\/\/wepsakk.de\/index.php\/wp-json\/wp\/v2\/pages\/281\/revisions"}],"predecessor-version":[{"id":689,"href":"https:\/\/wepsakk.de\/index.php\/wp-json\/wp\/v2\/pages\/281\/revisions\/689"}],"wp:attachment":[{"href":"https:\/\/wepsakk.de\/index.php\/wp-json\/wp\/v2\/media?parent=281"}],"curies":[{"name":"wp","href":"https:\/\/api.w.org\/{rel}","templated":true}]}}