{"id":422,"date":"2024-05-29T10:18:21","date_gmt":"2024-05-29T10:18:21","guid":{"rendered":"https:\/\/werkstatt-psychosozialekultur.de\/?page_id=422"},"modified":"2024-07-07T12:50:42","modified_gmt":"2024-07-07T12:50:42","slug":"legale-korruption-das-gift-dass-die-demokratien-zerstoert","status":"publish","type":"page","link":"https:\/\/wepsakk.de\/index.php\/veroeffentlichungen\/legale-korruption-das-gift-dass-die-demokratien-zerstoert\/","title":{"rendered":"&#8222;Legale&#8220; Korruption \u2013 das Gift, das die Demokratien zerst\u00f6rt!"},"content":{"rendered":"\n<h1 class=\"wp-block-heading\">&#8222;Legale&#8220; Korruption: Das Gift, das die Demokratien zerst\u00f6rt!<\/h1>\n\n\n\n<p>Zum Problem &#8222;legaler&#8220; Korruption, die die Demokratien aush\u00f6hlt und damit zerst\u00f6rt, siehe folgendes Video.<br>Es erkl\u00e4rt, warum es keine tats\u00e4chlichen Reformen mehr geben kann, die die strukturell bedingten, brennenden sozialen, \u00f6kologischen, \u00f6konomischen Probleme und Konflikte wirklich l\u00f6sen, die das Zusammenleben der Menschen und das \u00dcberleben der Menschheit bedrohen. Stattdessen gibt es Re-F\u00f6rmchen und Symptomkuriererei auf allen Ebenen, in allen L\u00e4ndern, Parlamenten und Regierungen. Keine wirkliche \u00f6kologische Wende, keine wirkliche sozialgerechteren Steuerreformen, keine Verkehrswenden, keine Verwaltungs- und Justizreformen, die den Anforderungen tats\u00e4chlich und nicht nur formal demokratischer Gesellschaften gerecht w\u00fcrde. W\u00e4hrenddessen kaufen Lobbyisten juridisch legal, ethisch illegal alles ein, kaufen alles, was sie in der Krise des Kapitalismus zur Profitmaximierung auch nur irgendwie brauchen k\u00f6nnen.<\/p>\n\n\n\n<p>Diesen Systemen sind die Menschen so lange egal, solange sie ihr Funktionieren nicht st\u00f6ren und bedrohen.<\/p>\n\n\n\n<figure class=\"wp-block-embed is-type-video is-provider-youtube wp-block-embed-youtube wp-embed-aspect-16-9 wp-has-aspect-ratio\"><div class=\"wp-block-embed__wrapper\">\n<iframe loading=\"lazy\" title=\"We the People, and the Republic we must reclaim | Lawrence Lessig\" width=\"640\" height=\"360\" src=\"https:\/\/www.youtube.com\/embed\/mw2z9lV3W1g?start=37&#038;feature=oembed\" frameborder=\"0\" allow=\"accelerometer; autoplay; clipboard-write; encrypted-media; gyroscope; picture-in-picture; web-share\" referrerpolicy=\"strict-origin-when-cross-origin\" allowfullscreen><\/iframe>\n<\/div><\/figure>\n","protected":false},"excerpt":{"rendered":"<p>&#8222;Legale&#8220; Korruption: Das Gift, das die Demokratien zerst\u00f6rt! Zum Problem &#8222;legaler&#8220; Korruption, die die Demokratien aush\u00f6hlt und damit zerst\u00f6rt, siehe folgendes Video.Es erkl\u00e4rt, warum es keine tats\u00e4chlichen Reformen mehr geben kann, die die strukturell bedingten, brennenden sozialen, \u00f6kologischen, \u00f6konomischen Probleme und Konflikte wirklich l\u00f6sen, die das Zusammenleben der Menschen und das \u00dcberleben der Menschheit bedrohen. [&hellip;]<\/p>\n","protected":false},"author":7,"featured_media":0,"parent":274,"menu_order":40050,"comment_status":"closed","ping_status":"closed","template":"","meta":{"footnotes":""},"class_list":["post-422","page","type-page","status-publish","hentry"],"_links":{"self":[{"href":"https:\/\/wepsakk.de\/index.php\/wp-json\/wp\/v2\/pages\/422","targetHints":{"allow":["GET"]}}],"collection":[{"href":"https:\/\/wepsakk.de\/index.php\/wp-json\/wp\/v2\/pages"}],"about":[{"href":"https:\/\/wepsakk.de\/index.php\/wp-json\/wp\/v2\/types\/page"}],"author":[{"embeddable":true,"href":"https:\/\/wepsakk.de\/index.php\/wp-json\/wp\/v2\/users\/7"}],"replies":[{"embeddable":true,"href":"https:\/\/wepsakk.de\/index.php\/wp-json\/wp\/v2\/comments?post=422"}],"version-history":[{"count":8,"href":"https:\/\/wepsakk.de\/index.php\/wp-json\/wp\/v2\/pages\/422\/revisions"}],"predecessor-version":[{"id":437,"href":"https:\/\/wepsakk.de\/index.php\/wp-json\/wp\/v2\/pages\/422\/revisions\/437"}],"up":[{"embeddable":true,"href":"https:\/\/wepsakk.de\/index.php\/wp-json\/wp\/v2\/pages\/274"}],"wp:attachment":[{"href":"https:\/\/wepsakk.de\/index.php\/wp-json\/wp\/v2\/media?parent=422"}],"curies":[{"name":"wp","href":"https:\/\/api.w.org\/{rel}","templated":true}]}}