{"id":519,"date":"2024-06-12T09:26:08","date_gmt":"2024-06-12T09:26:08","guid":{"rendered":"https:\/\/werkstatt-psychosozialekultur.de\/?page_id=519"},"modified":"2024-07-07T12:45:55","modified_gmt":"2024-07-07T12:45:55","slug":"ueber-die-treue-in-der-liebe","status":"publish","type":"page","link":"https:\/\/wepsakk.de\/index.php\/veroeffentlichungen\/ueber-die-treue-in-der-liebe\/","title":{"rendered":"\u00dcber die Treue in der Liebe"},"content":{"rendered":"\n<h4 class=\"wp-block-heading\">Jean Allouch<\/h4>\n\n\n\n<h2 class=\"wp-block-heading\">\u00dcber die Treue in der Liebe<\/h2>\n\n\n\n<h6 class=\"wp-block-heading\">aus Jean Allouch: L\u2019amour Lacan, \u00dcber die Treue in der Liebe, S. 75 \u2013 78, EPEL, Paris 2009, \u00fcbersetzt von Johanna Vennemann-B\u00e4r, Textherstellung Eckhard B\u00e4r<\/h6>\n\n\n\n<p><br>Diesen Text finden Sie auf der Praxisseite von Eckhard B\u00e4r:<br><a href=\"https:\/\/www.baereckhard.de\/texte\/liebe\/\">https:\/\/www.baereckhard.de\/texte\/liebe\/<\/a><\/p>\n","protected":false},"excerpt":{"rendered":"<p>Jean Allouch \u00dcber die Treue in der Liebe aus Jean Allouch: L\u2019amour Lacan, \u00dcber die Treue in der Liebe, S. 75 \u2013 78, EPEL, Paris 2009, \u00fcbersetzt von Johanna Vennemann-B\u00e4r, Textherstellung Eckhard B\u00e4r Diesen Text finden Sie auf der Praxisseite von Eckhard B\u00e4r:https:\/\/www.baereckhard.de\/texte\/liebe\/<\/p>\n","protected":false},"author":7,"featured_media":0,"parent":274,"menu_order":50,"comment_status":"closed","ping_status":"closed","template":"","meta":{"footnotes":""},"class_list":["post-519","page","type-page","status-publish","hentry"],"_links":{"self":[{"href":"https:\/\/wepsakk.de\/index.php\/wp-json\/wp\/v2\/pages\/519","targetHints":{"allow":["GET"]}}],"collection":[{"href":"https:\/\/wepsakk.de\/index.php\/wp-json\/wp\/v2\/pages"}],"about":[{"href":"https:\/\/wepsakk.de\/index.php\/wp-json\/wp\/v2\/types\/page"}],"author":[{"embeddable":true,"href":"https:\/\/wepsakk.de\/index.php\/wp-json\/wp\/v2\/users\/7"}],"replies":[{"embeddable":true,"href":"https:\/\/wepsakk.de\/index.php\/wp-json\/wp\/v2\/comments?post=519"}],"version-history":[{"count":6,"href":"https:\/\/wepsakk.de\/index.php\/wp-json\/wp\/v2\/pages\/519\/revisions"}],"predecessor-version":[{"id":553,"href":"https:\/\/wepsakk.de\/index.php\/wp-json\/wp\/v2\/pages\/519\/revisions\/553"}],"up":[{"embeddable":true,"href":"https:\/\/wepsakk.de\/index.php\/wp-json\/wp\/v2\/pages\/274"}],"wp:attachment":[{"href":"https:\/\/wepsakk.de\/index.php\/wp-json\/wp\/v2\/media?parent=519"}],"curies":[{"name":"wp","href":"https:\/\/api.w.org\/{rel}","templated":true}]}}