{"id":85,"date":"2022-04-27T17:18:02","date_gmt":"2022-04-27T17:18:02","guid":{"rendered":"https:\/\/werkstatt-psychosozialekultur.de\/?page_id=85"},"modified":"2026-04-09T15:06:56","modified_gmt":"2026-04-09T15:06:56","slug":"veranstaltungen","status":"publish","type":"page","link":"https:\/\/wepsakk.de\/index.php\/veranstaltungen\/","title":{"rendered":"Veranstaltungen und Termine"},"content":{"rendered":"\n<h1 class=\"wp-block-heading\"><strong>Veranstaltungen und Termine<\/strong><\/h1>\n\n\n\n<p>Die Werkstatt bietet Veranstaltungen zu Themen der Psychoanalyse, des Sozialen und des Kulturellen in Form von Vortr\u00e4gen, Seminaren, Lesekreisen, Werkstattgespr\u00e4chen, Denkwerkst\u00e4tten und k\u00fcnstlerische Ateliers sowie Aktionen im sozialen, k\u00fcnstlerischen und politischen Feld an.<\/p>\n\n\n\n<h2 class=\"wp-block-heading\"><strong>Termine:<\/strong><\/h2>\n\n\n\n<h4 class=\"wp-block-heading\"><strong>Denken als Praxis \u2013 Philosophie und Ideologiekritik<\/strong><\/h4>\n\n\n\n<p>T\u00e4glich begegnen wir Ungereimtheiten: zwischen dem, was uns versprochen wird, und dem, was wir erleben. Philosophie als kritisches Denken will keine einfachen Antworten liefern \u2013 keine \u201enackte Wahrheit&#8220; gegen die Propagandal\u00fcge, kein Expertenwissen, das alle Widerspr\u00fcche aufl\u00f6st. Das w\u00e4re selbst nur als Wahnsystem m\u00f6glich.<\/p>\n\n\n\n<p>Stattdessen beharrt kritisches Denken auf Differenz, wo Ideologie Einheit vort\u00e4uscht. Es zerteilt, unterscheidet \u2013 und macht Leiden beredt. Denken zielt dabei immer auf die Sache selbst: auf eine gesellschaftliche Wirklichkeit, die best\u00e4ndig T\u00e4uschungen produziert, weil sie ohne sie nicht auskommt.<\/p>\n\n\n\n<p>Was kann Philosophie heute leisten? Und was meint Ideologiekritik jenseits von Verschw\u00f6rungstheorie und Faktenchecker-Logik? Diesen Fragen wollen wir gemeinsam mit dem Philosophen Tammo Jansen nachgehen.<\/p>\n\n\n\n<p>Der Abendvortrag findet am <strong>Freitag, dem 17. April 2026, 19 Uhr<\/strong>, sowohl im Moselweg 27, 34131 Kassel, als auch online statt. Nach dem Abendvortrag besteht f\u00fcr Interessierte die M\u00f6glichkeit, <strong>am Samstag, dem 18. April, 10-13:30 Uhr<\/strong>, die Auseinandersetzung mit den aufgeworfenen Fragen fortzusetzen.<\/p>\n\n\n\n<p>Wir bitten um Anmeldung per E-Mail an Werkstatt[\u00e4t]WePsaKK.de.<\/p>\n\n\n\n<p>Teilnahmegeb\u00fchr (Freitag): 10 \u20ac \/ 5 \u20ac (erm\u00e4\u00dfigt);<br>Teilnahmegeb\u00fchr (inkl. Samstag): 15 \u20ac \/ 8 \u20ac (erm\u00e4\u00dfigt).<\/p>\n\n\n\n<p>Nach \u00dcberweisung der Teilnahmegeb\u00fchr erhalten Sie den Veranstaltungs-Link:<br>Werkstatt f\u00fcr Psychoanalyse, Konflikt und Kultur<br>i.A. Dennis Pieter<br>DE06 4306 0967 1181 1538 02<br>GENODEM1GLS<\/p>\n\n\n\n<p><strong>Werkstatt f\u00fcr sozialen und politischen Konflikt<br><\/strong>I. d. R. jeden zweiten Freitag um 19:30 Uhr.<br>Kontakt: Werkstatt[\u00e4t]WePsaKK.de<\/p>\n\n\n\n<p><strong>Kolleg Bildung (in) der Psychoanalyse<br><\/strong>Monatliches Wochenendseminar seit Juni 2022.&nbsp;<br>Kontakt: Werkstatt[\u00e4t]WePsaKK.de<\/p>\n\n\n\n<p><strong>Lekt\u00fcregruppe:&nbsp;\u201eDie \u00dcbertragung und das Begehren des Analytikers\u201d von<strong>&nbsp;Moustafa Safouan<\/strong><br><\/strong>Seit April 2024,&nbsp;donnerstags von 20:00 bis 21:30 Uhr.&nbsp;<br>Kontakt: Werkstatt[\u00e4t]WePsaKK.de<\/p>\n\n\n\n<p><strong>Lekt\u00fcregruppe: &#8222;Das Kapital&#8220; von Karl Marx<br><\/strong>Seit Februar 2024, dienstags von 19:45&nbsp;bis 21:15 Uhr.&nbsp;<br>Kontakt:&nbsp;Werkstatt[\u00e4t]WePsaKK.de<\/p>\n\n\n\n<h2 class=\"wp-block-heading\">Fr\u00fchere Veranstaltungen<\/h2>\n\n\n\n<p>Vergangene Veranstaltungen der Werkstatt finden Sie unter folgendem Link: <a href=\"https:\/\/wepsakk.de\/index.php\/veranstaltungen\/historie\/\" data-type=\"page\" data-id=\"614\"><strong>Historie<\/strong><\/a><\/p>\n","protected":false},"excerpt":{"rendered":"<p>Veranstaltungen und Termine Die Werkstatt bietet Veranstaltungen zu Themen der Psychoanalyse, des Sozialen und des Kulturellen in Form von Vortr\u00e4gen, Seminaren, Lesekreisen, Werkstattgespr\u00e4chen, Denkwerkst\u00e4tten und k\u00fcnstlerische Ateliers sowie Aktionen im sozialen, k\u00fcnstlerischen und politischen Feld an. Termine: Denken als Praxis \u2013 Philosophie und Ideologiekritik T\u00e4glich begegnen wir Ungereimtheiten: zwischen dem, was uns versprochen wird, und [&hellip;]<\/p>\n","protected":false},"author":4,"featured_media":0,"parent":0,"menu_order":2,"comment_status":"closed","ping_status":"closed","template":"","meta":{"footnotes":""},"class_list":["post-85","page","type-page","status-publish","hentry"],"_links":{"self":[{"href":"https:\/\/wepsakk.de\/index.php\/wp-json\/wp\/v2\/pages\/85","targetHints":{"allow":["GET"]}}],"collection":[{"href":"https:\/\/wepsakk.de\/index.php\/wp-json\/wp\/v2\/pages"}],"about":[{"href":"https:\/\/wepsakk.de\/index.php\/wp-json\/wp\/v2\/types\/page"}],"author":[{"embeddable":true,"href":"https:\/\/wepsakk.de\/index.php\/wp-json\/wp\/v2\/users\/4"}],"replies":[{"embeddable":true,"href":"https:\/\/wepsakk.de\/index.php\/wp-json\/wp\/v2\/comments?post=85"}],"version-history":[{"count":63,"href":"https:\/\/wepsakk.de\/index.php\/wp-json\/wp\/v2\/pages\/85\/revisions"}],"predecessor-version":[{"id":727,"href":"https:\/\/wepsakk.de\/index.php\/wp-json\/wp\/v2\/pages\/85\/revisions\/727"}],"wp:attachment":[{"href":"https:\/\/wepsakk.de\/index.php\/wp-json\/wp\/v2\/media?parent=85"}],"curies":[{"name":"wp","href":"https:\/\/api.w.org\/{rel}","templated":true}]}}